{"id":8511,"date":"2019-03-11T11:24:18","date_gmt":"2019-03-11T11:24:18","guid":{"rendered":"https:\/\/colinapessina.it\/?page_id=8511"},"modified":"2020-11-09T09:26:31","modified_gmt":"2020-11-09T09:26:31","slug":"modulistica-fimaa","status":"publish","type":"page","link":"https:\/\/colinapessina.it\/index.php\/modulistica-fimaa\/","title":{"rendered":"Modulistica FIMAA"},"content":{"rendered":"<div class=\"wpb-content-wrapper\"><p>[vc_row][vc_column][vc_column_text]<a href=\"http:\/\/www.colinapessina.com\/wp-content\/uploads\/2014\/08\/Marchio-associativo-Fimaa-Milano-MB-COLORI.png\"><img loading=\"lazy\" decoding=\"async\" class=\"alignleft wp-image-482 \" src=\"http:\/\/www.colinapessina.com\/wp-content\/uploads\/2014\/08\/Marchio-associativo-Fimaa-Milano-MB-COLORI.png\" alt=\"Marchio-associativo---Fimaa-Milano---MB-COLORI\" width=\"114\" height=\"83\" \/><\/a>Il Marchio\u00a0<strong>FIMAA Milano Monza &amp; Brianza<\/strong>\u00a0\u00e8 il riconoscimento immediato della professionalit\u00e0 di chi fa parte della pi\u00f9 grande e autorevole realt\u00e0 associativa del settore dell\u2019intermediazione immobiliare, creditizia, aziendale e merceologica. Un simbolo che garantisce seriet\u00e0, competenza e completezza di servizi. Che significa \u201c<strong>sicurezza e trasparenza<\/strong>\u201d per chiunque desideri acquistare, vendere, affittare o sia alla ricerca delle migliori condizioni per un finanziamento immobiliare oppure necessiti di una intermediazione di un\u2019azienda commerciale.<\/p>\n<p><strong>FIMAA Milano Monza &amp; Brianza<\/strong>, in esclusiva per i propri Associati in regola, ha predisposto modulistica aggiornata secondo le normative vigenti e nel rispetto delle succitate linee guida, a tutela sia del professionista che del Consumatore.<\/p>\n<p>Il mediatore, nell\u2019esercizio della propria attivit\u00e0, si avvale di moduli o formulari dove sono indicate le condizioni del contratto. Secondo l\u2019art. 5 punto 4 e l\u2019art. 17 della Legge n. 39 del 03\/02\/1989 la modulistica deve essere depositata presso la CCIAA, sede di riferimento dell\u2019attivit\u00e0 del mediatore. In base all\u2019art. 6 comma 2 del D.M. 26\/10\/2011, dal 11\/08\/2012 non \u00e8 pi\u00f9 possibile effettuare il deposito dei formulari in formato cartaceo in quanto \u00e8 obbligatoria la procedura esclusivamente telematica (deposito on-line). I formulari devono riportare il numero di REA e il codice fiscale dell\u2019impresa, devono essere chiari e redatti con caratteri tipografici facilmente leggibili, di facile comprensione e ispirati ai principi della buona fede contrattuale.<\/p>\n<p>[\/vc_column_text][\/vc_column][\/vc_row][vc_row][vc_column][vc_separator][\/vc_column][\/vc_row][vc_row][vc_column width=&#8221;1\/2&#8243;][vc_cta h2=&#8221;Incarico Mediazione&#8221; h4=&#8221;Locazione Immobiliare&#8221; txt_align=&#8221;center&#8221; color=&#8221;juicy-pink&#8221; add_button=&#8221;bottom&#8221; btn_title=&#8221;Scarica il modulo&#8221; btn_align=&#8221;center&#8221; btn_i_icon_fontawesome=&#8221;fa fa-download&#8221; btn_button_block=&#8221;true&#8221; btn_add_icon=&#8221;true&#8221; btn_link=&#8221;url:https%3A%2F%2Fcolinapessina.it%2Fwp-content%2Fuploads%2F2020%2F11%2FIncarico-di-mediazione-per-locazione-immobiliare_NO-DATI.pdf||target:%20_blank|&#8221;]<a href=\"https:\/\/colinapessina.it\/wp-content\/uploads\/2020\/11\/Incarico-di-mediazione-per-locazione-immobiliare_NO-DATI.pdf\" target=\"_blank\" rel=\"noopener\"><img loading=\"lazy\" decoding=\"async\" class=\"aligncenter wp-image-8522 size-medium\" src=\"https:\/\/colinapessina.it\/wp-content\/uploads\/2019\/03\/Schermata-2019-03-11-alle-12.14.47-204x300.png\" alt=\"\" width=\"204\" height=\"300\" srcset=\"https:\/\/colinapessina.it\/wp-content\/uploads\/2019\/03\/Schermata-2019-03-11-alle-12.14.47-204x300.png 204w, https:\/\/colinapessina.it\/wp-content\/uploads\/2019\/03\/Schermata-2019-03-11-alle-12.14.47-768x1130.png 768w, https:\/\/colinapessina.it\/wp-content\/uploads\/2019\/03\/Schermata-2019-03-11-alle-12.14.47-696x1024.png 696w, https:\/\/colinapessina.it\/wp-content\/uploads\/2019\/03\/Schermata-2019-03-11-alle-12.14.47-102x150.png 102w, https:\/\/colinapessina.it\/wp-content\/uploads\/2019\/03\/Schermata-2019-03-11-alle-12.14.47-350x515.png 350w, https:\/\/colinapessina.it\/wp-content\/uploads\/2019\/03\/Schermata-2019-03-11-alle-12.14.47-326x480.png 326w, https:\/\/colinapessina.it\/wp-content\/uploads\/2019\/03\/Schermata-2019-03-11-alle-12.14.47.png 806w\" sizes=\"auto, (max-width: 204px) 100vw, 204px\" \/><\/a>[\/vc_cta][\/vc_column][vc_column width=&#8221;1\/2&#8243;][vc_cta h2=&#8221;Incarico Mediazione&#8221; h4=&#8221;Vendita Immobiliare&#8221; txt_align=&#8221;center&#8221; color=&#8221;juicy-pink&#8221; add_button=&#8221;bottom&#8221; btn_title=&#8221;Scarica il modulo&#8221; btn_align=&#8221;center&#8221; btn_i_icon_fontawesome=&#8221;fa fa-download&#8221; btn_button_block=&#8221;true&#8221; btn_add_icon=&#8221;true&#8221; btn_link=&#8221;url:https%3A%2F%2Fcolinapessina.it%2Fwp-content%2Fuploads%2F2020%2F11%2FIncarico-di-mediazione-per-vendita-immobiliare_NO-DATI.pdf||target:%20_blank|&#8221;]<a href=\"https:\/\/colinapessina.it\/wp-content\/uploads\/2020\/11\/Incarico-di-mediazione-per-vendita-immobiliare_NO-DATI.pdf\" target=\"_blank\" rel=\"noopener\"><img loading=\"lazy\" decoding=\"async\" class=\"aligncenter wp-image-8528 size-medium\" src=\"https:\/\/colinapessina.it\/wp-content\/uploads\/2019\/03\/Schermata-2019-03-11-alle-12.20.01-198x300.png\" alt=\"\" width=\"198\" height=\"300\" srcset=\"https:\/\/colinapessina.it\/wp-content\/uploads\/2019\/03\/Schermata-2019-03-11-alle-12.20.01-198x300.png 198w, https:\/\/colinapessina.it\/wp-content\/uploads\/2019\/03\/Schermata-2019-03-11-alle-12.20.01-768x1163.png 768w, https:\/\/colinapessina.it\/wp-content\/uploads\/2019\/03\/Schermata-2019-03-11-alle-12.20.01-676x1024.png 676w, https:\/\/colinapessina.it\/wp-content\/uploads\/2019\/03\/Schermata-2019-03-11-alle-12.20.01-99x150.png 99w, https:\/\/colinapessina.it\/wp-content\/uploads\/2019\/03\/Schermata-2019-03-11-alle-12.20.01-350x530.png 350w, https:\/\/colinapessina.it\/wp-content\/uploads\/2019\/03\/Schermata-2019-03-11-alle-12.20.01-317x480.png 317w, https:\/\/colinapessina.it\/wp-content\/uploads\/2019\/03\/Schermata-2019-03-11-alle-12.20.01.png 782w\" sizes=\"auto, (max-width: 198px) 100vw, 198px\" \/><\/a>[\/vc_cta][\/vc_column][\/vc_row][vc_row][vc_column width=&#8221;1\/2&#8243;][vc_cta h2=&#8221;Proposta di acquisto&#8221; txt_align=&#8221;center&#8221; color=&#8221;juicy-pink&#8221; add_button=&#8221;bottom&#8221; btn_title=&#8221;Scarica il modulo&#8221; btn_align=&#8221;center&#8221; btn_i_icon_fontawesome=&#8221;fa fa-download&#8221; btn_button_block=&#8221;true&#8221; btn_add_icon=&#8221;true&#8221; btn_link=&#8221;url:https%3A%2F%2Fcolinapessina.it%2Fwp-content%2Fuploads%2F2020%2F11%2FProposta-di-acquisto-immobiliare_NO-DATI.pdf||target:%20_blank|&#8221;]<a href=\"https:\/\/colinapessina.it\/wp-content\/uploads\/2020\/11\/Proposta-di-acquisto-immobiliare_NO-DATI.pdf\" target=\"_blank\" rel=\"noopener\"><img loading=\"lazy\" decoding=\"async\" class=\"aligncenter wp-image-8531 size-medium\" src=\"https:\/\/colinapessina.it\/wp-content\/uploads\/2019\/03\/Schermata-2019-03-11-alle-12.22.25-202x300.png\" alt=\"\" width=\"202\" height=\"300\" srcset=\"https:\/\/colinapessina.it\/wp-content\/uploads\/2019\/03\/Schermata-2019-03-11-alle-12.22.25-202x300.png 202w, https:\/\/colinapessina.it\/wp-content\/uploads\/2019\/03\/Schermata-2019-03-11-alle-12.22.25-768x1142.png 768w, https:\/\/colinapessina.it\/wp-content\/uploads\/2019\/03\/Schermata-2019-03-11-alle-12.22.25-688x1024.png 688w, https:\/\/colinapessina.it\/wp-content\/uploads\/2019\/03\/Schermata-2019-03-11-alle-12.22.25-101x150.png 101w, https:\/\/colinapessina.it\/wp-content\/uploads\/2019\/03\/Schermata-2019-03-11-alle-12.22.25-350x521.png 350w, https:\/\/colinapessina.it\/wp-content\/uploads\/2019\/03\/Schermata-2019-03-11-alle-12.22.25-323x480.png 323w, https:\/\/colinapessina.it\/wp-content\/uploads\/2019\/03\/Schermata-2019-03-11-alle-12.22.25.png 792w\" sizes=\"auto, (max-width: 202px) 100vw, 202px\" \/><\/a>[\/vc_cta][\/vc_column][vc_column width=&#8221;1\/2&#8243;][vc_cta h2=&#8221;Proposta di locazione&#8221; txt_align=&#8221;center&#8221; color=&#8221;juicy-pink&#8221; add_button=&#8221;bottom&#8221; btn_title=&#8221;Scarica il modulo&#8221; btn_align=&#8221;center&#8221; btn_i_icon_fontawesome=&#8221;fa fa-download&#8221; btn_button_block=&#8221;true&#8221; btn_add_icon=&#8221;true&#8221; btn_link=&#8221;url:https%3A%2F%2Fcolinapessina.it%2Fwp-content%2Fuploads%2F2020%2F11%2FProposta-di-locazione-immobiliare_NO-DATI.pdf||target:%20_blank|&#8221;]<a href=\"https:\/\/colinapessina.it\/wp-content\/uploads\/2020\/11\/Proposta-di-locazione-immobiliare_NO-DATI.pdf\" target=\"_blank\" rel=\"noopener\"><img loading=\"lazy\" decoding=\"async\" class=\"aligncenter wp-image-8533 size-medium\" src=\"https:\/\/colinapessina.it\/wp-content\/uploads\/2019\/03\/Schermata-2019-03-11-alle-12.23.23-199x300.png\" alt=\"\" width=\"199\" height=\"300\" srcset=\"https:\/\/colinapessina.it\/wp-content\/uploads\/2019\/03\/Schermata-2019-03-11-alle-12.23.23-199x300.png 199w, https:\/\/colinapessina.it\/wp-content\/uploads\/2019\/03\/Schermata-2019-03-11-alle-12.23.23-768x1160.png 768w, https:\/\/colinapessina.it\/wp-content\/uploads\/2019\/03\/Schermata-2019-03-11-alle-12.23.23-678x1024.png 678w, https:\/\/colinapessina.it\/wp-content\/uploads\/2019\/03\/Schermata-2019-03-11-alle-12.23.23-99x150.png 99w, https:\/\/colinapessina.it\/wp-content\/uploads\/2019\/03\/Schermata-2019-03-11-alle-12.23.23-350x529.png 350w, https:\/\/colinapessina.it\/wp-content\/uploads\/2019\/03\/Schermata-2019-03-11-alle-12.23.23-318x480.png 318w, https:\/\/colinapessina.it\/wp-content\/uploads\/2019\/03\/Schermata-2019-03-11-alle-12.23.23.png 788w\" sizes=\"auto, (max-width: 199px) 100vw, 199px\" \/><\/a>[\/vc_cta][\/vc_column][\/vc_row]<\/p>\n<\/div>","protected":false},"excerpt":{"rendered":"<p>[vc_row][vc_column][vc_column_text]Il Marchio\u00a0FIMAA Milano Monza &amp; Brianza\u00a0\u00e8 il riconoscimento immediato della professionalit\u00e0 di chi fa parte della pi\u00f9 grande e autorevole realt\u00e0 associativa del settore dell\u2019intermediazione immobiliare, creditizia, aziendale e merceologica. Un simbolo che garantisce seriet\u00e0, competenza e completezza di servizi. Che significa \u201csicurezza e trasparenza\u201d per chiunque desideri acquistare, vendere, affittare o sia alla ricerca [&hellip;]<\/p>\n","protected":false},"author":1,"featured_media":0,"parent":0,"menu_order":0,"comment_status":"closed","ping_status":"closed","template":"","meta":{"footnotes":""},"class_list":["post-8511","page","type-page","status-publish","hentry"],"_links":{"self":[{"href":"https:\/\/colinapessina.it\/index.php\/wp-json\/wp\/v2\/pages\/8511","targetHints":{"allow":["GET"]}}],"collection":[{"href":"https:\/\/colinapessina.it\/index.php\/wp-json\/wp\/v2\/pages"}],"about":[{"href":"https:\/\/colinapessina.it\/index.php\/wp-json\/wp\/v2\/types\/page"}],"author":[{"embeddable":true,"href":"https:\/\/colinapessina.it\/index.php\/wp-json\/wp\/v2\/users\/1"}],"replies":[{"embeddable":true,"href":"https:\/\/colinapessina.it\/index.php\/wp-json\/wp\/v2\/comments?post=8511"}],"version-history":[{"count":14,"href":"https:\/\/colinapessina.it\/index.php\/wp-json\/wp\/v2\/pages\/8511\/revisions"}],"predecessor-version":[{"id":10068,"href":"https:\/\/colinapessina.it\/index.php\/wp-json\/wp\/v2\/pages\/8511\/revisions\/10068"}],"wp:attachment":[{"href":"https:\/\/colinapessina.it\/index.php\/wp-json\/wp\/v2\/media?parent=8511"}],"curies":[{"name":"wp","href":"https:\/\/api.w.org\/{rel}","templated":true}]}}